{"id":2,"date":"2016-05-10T03:48:21","date_gmt":"2016-05-10T03:48:21","guid":{"rendered":"http:\/\/oroverdedigital.com.ar\/web\/?page_id=2"},"modified":"2019-09-26T11:15:40","modified_gmt":"2019-09-26T11:15:40","slug":"sample-page","status":"publish","type":"page","link":"https:\/\/oroverdedigital.com.ar\/web\/?page_id=2","title":{"rendered":"Sobre nosotros"},"content":{"rendered":"<div style=\"color: #ffffff;\">\n<p style=\"text-align: justify;\"><strong>Oro Verde Digital SRL<\/strong> es una empresa cuya misi\u00f3n es el servicio de dise\u00f1o y desarrollo de software multiplataforma bajo tecnolog\u00eda cliente-servidor, con asistencia al cliente \/ usuario desde el primer contacto y mientras dure el ciclo de vida del software desarrollado.<\/p>\n<p><a href=\"http:\/\/oroverdedigital.com.ar\/web\/wp-content\/uploads\/2019\/09\/OVD-SGC-INT-03-Politica-de-gestion-de-la-calidad-Rev.3-16Set19-1.pdf\" target=\"_blank\" rel=\"noopener noreferrer\">Clic aqu\u00ed para descargar la Pol\u00edtica de Calidad<\/a><\/p>\n<h2 style=\"text-align: justify;\">Misi\u00f3n<\/h2>\n<p style=\"text-align: justify;\">Brindar asesoramiento a empresas sobre tecnolog\u00eda inform\u00e1tica, venta de equipamiento e insumos, mantenimiento de equipos, desarrollo de aplicaciones, desarrollo web, migraciones y legalizaci\u00f3n de software y capacitaci\u00f3n espec\u00edfica.<\/p>\n<h2 style=\"text-align: justify;\">Visi\u00f3n<\/h2>\n<p style=\"text-align: justify;\">Ser l\u00edderes en el mercado de los servicios inform\u00e1ticos ofreciendo productos innovadores y dando un lugar preponderante al licenciamiento sobre las bases de la libertad de software.<\/p>\n<h2 style=\"text-align: justify;\">Valores corporativos<\/h2>\n<p style=\"text-align: justify;\">Confidencialidad, trabajo en equipo, creatividad, seriedad y experiencia avalan nuestra trayectoria.<\/p>\n<\/div>\n","protected":false},"excerpt":{"rendered":"<p>Oro Verde Digital SRL es una empresa cuya misi\u00f3n es el servicio de dise\u00f1o y desarrollo de software multiplataforma bajo tecnolog\u00eda cliente-servidor, con asistencia al cliente \/ usuario desde el primer contacto y mientras dure el ciclo de vida del software desarrollado. Clic aqu\u00ed para descargar la Pol\u00edtica de Calidad Misi\u00f3n Brindar asesoramiento a empresas [&hellip;]<\/p>\n","protected":false},"author":1,"featured_media":100,"parent":0,"menu_order":0,"comment_status":"closed","ping_status":"closed","template":"","meta":{"_et_pb_use_builder":"","_et_pb_old_content":"","_et_gb_content_width":"","footnotes":""},"class_list":["post-2","page","type-page","status-publish","has-post-thumbnail","hentry"],"_links":{"self":[{"href":"https:\/\/oroverdedigital.com.ar\/web\/index.php?rest_route=\/wp\/v2\/pages\/2","targetHints":{"allow":["GET"]}}],"collection":[{"href":"https:\/\/oroverdedigital.com.ar\/web\/index.php?rest_route=\/wp\/v2\/pages"}],"about":[{"href":"https:\/\/oroverdedigital.com.ar\/web\/index.php?rest_route=\/wp\/v2\/types\/page"}],"author":[{"embeddable":true,"href":"https:\/\/oroverdedigital.com.ar\/web\/index.php?rest_route=\/wp\/v2\/users\/1"}],"replies":[{"embeddable":true,"href":"https:\/\/oroverdedigital.com.ar\/web\/index.php?rest_route=%2Fwp%2Fv2%2Fcomments&post=2"}],"version-history":[{"count":14,"href":"https:\/\/oroverdedigital.com.ar\/web\/index.php?rest_route=\/wp\/v2\/pages\/2\/revisions"}],"predecessor-version":[{"id":203,"href":"https:\/\/oroverdedigital.com.ar\/web\/index.php?rest_route=\/wp\/v2\/pages\/2\/revisions\/203"}],"wp:featuredmedia":[{"embeddable":true,"href":"https:\/\/oroverdedigital.com.ar\/web\/index.php?rest_route=\/wp\/v2\/media\/100"}],"wp:attachment":[{"href":"https:\/\/oroverdedigital.com.ar\/web\/index.php?rest_route=%2Fwp%2Fv2%2Fmedia&parent=2"}],"curies":[{"name":"wp","href":"https:\/\/api.w.org\/{rel}","templated":true}]}}