{"id":193,"date":"2019-03-06T13:37:33","date_gmt":"2019-03-06T13:37:33","guid":{"rendered":"http:\/\/oroverdedigital.com.ar\/web\/?page_id=193"},"modified":"2019-03-06T13:37:33","modified_gmt":"2019-03-06T13:37:33","slug":"geomatica","status":"publish","type":"page","link":"https:\/\/oroverdedigital.com.ar\/web\/?page_id=193","title":{"rendered":"Geom\u00e1tica"},"content":{"rendered":"<p><img decoding=\"async\" class=\"aligncenter\" src=\"http:\/\/latamsatelital.com\/wp-content\/uploads\/1_SplashNvaVersionSopi30_1-810x324.jpg\" alt=\"http:\/\/latamsatelital.com\/wp-content\/uploads\/1_SplashNvaVersionSopi30_1-810x324.jpg\" \/><\/p>\n<p>El \u00e1rea de Bioinform\u00e1tica, especializada en geom\u00e1tica desarrolla soluciones para la utilizaci\u00f3n y presentaci\u00f3n de resultados relacionados con im\u00e1genes satelitales.<\/p>\n<p>Tambi\u00e9n proporciona an\u00e1lisis detallados de im\u00e1genes de radar captadas por la familia de sat\u00e9lites SAOCOM o similares.<\/p>\n<p><img loading=\"lazy\" decoding=\"async\" class=\"irc_mi aligncenter\" src=\"https:\/\/media.minutouno.com\/adjuntos\/150\/imagenes\/029\/457\/0029457954.jpg\" alt=\"Resultado de imagen para SAOCOM 1 A\" width=\"1035\" height=\"581\" data-iml=\"1551879541532\" \/><\/p>\n<p>&nbsp;<\/p>\n<p><img loading=\"lazy\" decoding=\"async\" class=\"irc_mi aligncenter\" src=\"http:\/\/lavoz.com.ar\/sites\/default\/files\/file_attachments\/nota_periodistica\/02_01_18_Satelite-Saocom-A1_web.jpg\" alt=\"Resultado de imagen para SAOCOM 1 A\" width=\"724\" height=\"581\" data-iml=\"1551879560519\" \/><\/p>\n<p>&nbsp;<\/p>\n","protected":false},"excerpt":{"rendered":"<p>El \u00e1rea de Bioinform\u00e1tica, especializada en geom\u00e1tica desarrolla soluciones para la utilizaci\u00f3n y presentaci\u00f3n de resultados relacionados con im\u00e1genes satelitales. Tambi\u00e9n proporciona an\u00e1lisis detallados de im\u00e1genes de radar captadas por la familia de sat\u00e9lites SAOCOM o similares. &nbsp; &nbsp;<\/p>\n","protected":false},"author":1,"featured_media":0,"parent":0,"menu_order":0,"comment_status":"closed","ping_status":"closed","template":"","meta":{"_et_pb_use_builder":"","_et_pb_old_content":"","_et_gb_content_width":"","footnotes":""},"class_list":["post-193","page","type-page","status-publish","hentry"],"_links":{"self":[{"href":"https:\/\/oroverdedigital.com.ar\/web\/index.php?rest_route=\/wp\/v2\/pages\/193","targetHints":{"allow":["GET"]}}],"collection":[{"href":"https:\/\/oroverdedigital.com.ar\/web\/index.php?rest_route=\/wp\/v2\/pages"}],"about":[{"href":"https:\/\/oroverdedigital.com.ar\/web\/index.php?rest_route=\/wp\/v2\/types\/page"}],"author":[{"embeddable":true,"href":"https:\/\/oroverdedigital.com.ar\/web\/index.php?rest_route=\/wp\/v2\/users\/1"}],"replies":[{"embeddable":true,"href":"https:\/\/oroverdedigital.com.ar\/web\/index.php?rest_route=%2Fwp%2Fv2%2Fcomments&post=193"}],"version-history":[{"count":1,"href":"https:\/\/oroverdedigital.com.ar\/web\/index.php?rest_route=\/wp\/v2\/pages\/193\/revisions"}],"predecessor-version":[{"id":194,"href":"https:\/\/oroverdedigital.com.ar\/web\/index.php?rest_route=\/wp\/v2\/pages\/193\/revisions\/194"}],"wp:attachment":[{"href":"https:\/\/oroverdedigital.com.ar\/web\/index.php?rest_route=%2Fwp%2Fv2%2Fmedia&parent=193"}],"curies":[{"name":"wp","href":"https:\/\/api.w.org\/{rel}","templated":true}]}}