{"id":189,"date":"2019-03-06T13:32:30","date_gmt":"2019-03-06T13:32:30","guid":{"rendered":"http:\/\/oroverdedigital.com.ar\/web\/?page_id=189"},"modified":"2019-03-06T13:32:30","modified_gmt":"2019-03-06T13:32:30","slug":"diseno-y-electronica","status":"publish","type":"page","link":"https:\/\/oroverdedigital.com.ar\/web\/?page_id=189","title":{"rendered":"Dise\u00f1o y electr\u00f3nica"},"content":{"rendered":"<p><a href=\"http:\/\/oroverdedigital.com.ar\/web\/wp-content\/uploads\/2019\/03\/4.jpg\"><img loading=\"lazy\" decoding=\"async\" class=\"aligncenter size-large wp-image-181\" src=\"http:\/\/oroverdedigital.com.ar\/web\/wp-content\/uploads\/2019\/03\/4-1024x576.jpg\" alt=\"\" width=\"600\" height=\"338\" srcset=\"https:\/\/oroverdedigital.com.ar\/web\/wp-content\/uploads\/2019\/03\/4-1024x576.jpg 1024w, https:\/\/oroverdedigital.com.ar\/web\/wp-content\/uploads\/2019\/03\/4-300x169.jpg 300w, https:\/\/oroverdedigital.com.ar\/web\/wp-content\/uploads\/2019\/03\/4-768x432.jpg 768w, https:\/\/oroverdedigital.com.ar\/web\/wp-content\/uploads\/2019\/03\/4.jpg 1280w\" sizes=\"auto, (max-width: 600px) 100vw, 600px\" \/><\/a><\/p>\n<p>Nuestro equipo de dise\u00f1o realiza lo necesario para hacer cumplir con las expectativas de nuestros clientes.<\/p>\n<p>Desde piezas para impresi\u00f3n 3D y mecanizado hasta circuitos electr\u00f3nicos especializados, profesionales especializados trabajan para transformar las ideas en prototipos de productos.<\/p>\n\n\t\t<style type=\"text\/css\">\n\t\t\t#gallery-1 {\n\t\t\t\tmargin: auto;\n\t\t\t}\n\t\t\t#gallery-1 .gallery-item {\n\t\t\t\tfloat: left;\n\t\t\t\tmargin-top: 10px;\n\t\t\t\ttext-align: center;\n\t\t\t\twidth: 33%;\n\t\t\t}\n\t\t\t#gallery-1 img {\n\t\t\t\tborder: 2px solid #cfcfcf;\n\t\t\t}\n\t\t\t#gallery-1 .gallery-caption {\n\t\t\t\tmargin-left: 0;\n\t\t\t}\n\t\t\t\/* see gallery_shortcode() in wp-includes\/media.php *\/\n\t\t<\/style>\n\t\t<div id='gallery-1' class='gallery galleryid-189 gallery-columns-3 gallery-size-thumbnail'><dl class='gallery-item'>\n\t\t\t<dt class='gallery-icon landscape'>\n\t\t\t\t<a href='https:\/\/oroverdedigital.com.ar\/web\/wp-content\/uploads\/2019\/03\/2-e1551879126519.jpg'><img loading=\"lazy\" decoding=\"async\" width=\"150\" height=\"150\" src=\"https:\/\/oroverdedigital.com.ar\/web\/wp-content\/uploads\/2019\/03\/2-e1551879126519-150x150.jpg\" class=\"attachment-thumbnail size-thumbnail\" alt=\"\" \/><\/a>\n\t\t\t<\/dt><\/dl><dl class='gallery-item'>\n\t\t\t<dt class='gallery-icon landscape'>\n\t\t\t\t<a href='https:\/\/oroverdedigital.com.ar\/web\/wp-content\/uploads\/2019\/03\/3.jpg'><img loading=\"lazy\" decoding=\"async\" width=\"150\" height=\"150\" src=\"https:\/\/oroverdedigital.com.ar\/web\/wp-content\/uploads\/2019\/03\/3-150x150.jpg\" class=\"attachment-thumbnail size-thumbnail\" alt=\"\" \/><\/a>\n\t\t\t<\/dt><\/dl><dl class='gallery-item'>\n\t\t\t<dt class='gallery-icon landscape'>\n\t\t\t\t<a href='https:\/\/oroverdedigital.com.ar\/web\/wp-content\/uploads\/2019\/03\/1.jpg'><img loading=\"lazy\" decoding=\"async\" width=\"150\" height=\"150\" src=\"https:\/\/oroverdedigital.com.ar\/web\/wp-content\/uploads\/2019\/03\/1-150x150.jpg\" class=\"attachment-thumbnail size-thumbnail\" alt=\"\" \/><\/a>\n\t\t\t<\/dt><\/dl><br style=\"clear: both\" \/>\n\t\t<\/div>\n\n","protected":false},"excerpt":{"rendered":"<p>Nuestro equipo de dise\u00f1o realiza lo necesario para hacer cumplir con las expectativas de nuestros clientes. Desde piezas para impresi\u00f3n 3D y mecanizado hasta circuitos electr\u00f3nicos especializados, profesionales especializados trabajan para transformar las ideas en prototipos de productos.<\/p>\n","protected":false},"author":1,"featured_media":0,"parent":0,"menu_order":0,"comment_status":"closed","ping_status":"closed","template":"","meta":{"_et_pb_use_builder":"","_et_pb_old_content":"","_et_gb_content_width":"","footnotes":""},"class_list":["post-189","page","type-page","status-publish","hentry"],"_links":{"self":[{"href":"https:\/\/oroverdedigital.com.ar\/web\/index.php?rest_route=\/wp\/v2\/pages\/189","targetHints":{"allow":["GET"]}}],"collection":[{"href":"https:\/\/oroverdedigital.com.ar\/web\/index.php?rest_route=\/wp\/v2\/pages"}],"about":[{"href":"https:\/\/oroverdedigital.com.ar\/web\/index.php?rest_route=\/wp\/v2\/types\/page"}],"author":[{"embeddable":true,"href":"https:\/\/oroverdedigital.com.ar\/web\/index.php?rest_route=\/wp\/v2\/users\/1"}],"replies":[{"embeddable":true,"href":"https:\/\/oroverdedigital.com.ar\/web\/index.php?rest_route=%2Fwp%2Fv2%2Fcomments&post=189"}],"version-history":[{"count":1,"href":"https:\/\/oroverdedigital.com.ar\/web\/index.php?rest_route=\/wp\/v2\/pages\/189\/revisions"}],"predecessor-version":[{"id":190,"href":"https:\/\/oroverdedigital.com.ar\/web\/index.php?rest_route=\/wp\/v2\/pages\/189\/revisions\/190"}],"wp:attachment":[{"href":"https:\/\/oroverdedigital.com.ar\/web\/index.php?rest_route=%2Fwp%2Fv2%2Fmedia&parent=189"}],"curies":[{"name":"wp","href":"https:\/\/api.w.org\/{rel}","templated":true}]}}